{"id":23,"date":"2012-11-09T18:11:23","date_gmt":"2012-11-09T18:11:23","guid":{"rendered":"http:\/\/mdla.ca\/germanmatters\/german_lg\/dir\/?page_id=23"},"modified":"2017-10-07T10:54:19","modified_gmt":"2017-10-07T10:54:19","slug":"translation","status":"publish","type":"page","link":"https:\/\/www.germanmatters.com\/german\/?page_id=23","title":{"rendered":"\u00dcbersetzen"},"content":{"rendered":"<p><img loading=\"lazy\" decoding=\"async\" class=\"aligncenter size-full wp-image-106\" title=\"translating\" src=\"http:\/\/www.germanmatters.com\/wp-content\/uploads\/2012\/06\/translating.jpg\" alt=\"\" width=\"663\" height=\"166\" \/><\/p>\n<p><strong>Sie w\u00fcnschen sich eine professionelle \u00dcbersetzung?<\/strong><\/p>\n<p><strong>Dann sind Sie bei uns genau richtig!<\/strong><\/p>\n<p>Seit 1991 sind wir die erste Wahl f\u00fcr Auftraggeber in Deutschland und Gro\u00dfbritannien, darunter internationale Hersteller in Spitzenpositionen und Unternehmen mit Vorreiterrolle in der klinischen Forschung.<\/p>\n<p>Zu unseren fachlichen Schwerpunkten z\u00e4hlen:<\/p>\n<ul type=\"circle\">\n<li>Medizin (Klinische Studien: Pr\u00fcfplan, Patienteninformation und Einwilligungserkl\u00e4rung, Pr\u00fcfarztbrosch\u00fcren, Synopsen und SOPs)<\/li>\n<li>Wirtschaft und Industrie<\/li>\n<li>Kreative Texte in den Bereichen Marketing, Fashion und Tourismus<\/li>\n<\/ul>\n<p>Im Laufe ihrer langj\u00e4hrigen T\u00e4tigkeit als freiberufliche Diplom-\u00dcbersetzerin hat B\u00e4rbel Herrmannspahn ihr Wissen in ihren Fachgebieten vertieft und sich dar\u00fcber hinaus auch in andere anspruchsvolle Themen erfolgreich eingearbeitet. Dank ihres fundierten Fachwissens in einer F\u00fclle von Sachgebieten ist sie eine kompetente Ansprechpartnerin.<\/p>\n<p><strong>Ihr Nutzen<\/strong><\/p>\n<ul type=\"circle\">\n<li>Individuelle Betreuung<\/li>\n<li>Schnelle, zuverl\u00e4ssige und termingerechte Abwicklung von Projekten, die auf Ihre jeweiligen Anforderungen zugeschnitten werden<\/li>\n<li>Ein H\u00f6chstma\u00df an Qualit\u00e4t: Sie haben h\u00f6chste Qualit\u00e4tsanspr\u00fcche \u2013 wir auch<\/li>\n<li>Ein scharfes Auge und die Liebe zum Detail sorgen f\u00fcr die pr\u00e4zise Wiedergabe des Inhalts und Tenors des Ausgangstexts<\/li>\n<li>Als langj\u00e4hriges Mitglied eines \u00dcbersetzerforums und durch ihre Zusammenarbeit mit kompetenten \u00dcbersetzern anderer Sprachrichtungen kann B\u00e4rbel Herrmannspahn die \u00dcbersetzung Ihrer Texte in die meisten europ\u00e4ischen Sprachen koordinieren<\/li>\n<\/ul>\n<p>Ihre Texte verdienen es, von einem erfahrenen Sprachprofi bearbeitet zu werden \u2013 gerne beraten wir Sie unverbindlich.<\/p>\n<p>&nbsp;<\/p>\n<p><a href=\"http:\/\/www.germanmatters.com\/?page_id=18\"><strong>Anfrage zu unseren \u00dcbersetzungsleistungen<\/strong><\/a><\/p>\n<p><a href=\"http:\/\/www.germanmatters.com\/german\/?page_id=10\"><img loading=\"lazy\" decoding=\"async\" class=\"\" src=\"http:\/\/www.germanmatters.com\/german\/wp-content\/themes\/boldy\/images\/gm_contactus.png\" alt=\"\" width=\"206\" height=\"28\" border=\"0\" \/><\/a><\/p>\n","protected":false},"excerpt":{"rendered":"<p>Sie w\u00fcnschen sich eine professionelle \u00dcbersetzung? Dann sind Sie bei uns genau richtig! Seit 1991 sind wir die erste Wahl f\u00fcr Auftraggeber in Deutschland und Gro\u00dfbritannien, darunter internationale Hersteller in [&hellip;]<\/p>\n","protected":false},"author":1,"featured_media":0,"parent":0,"menu_order":0,"comment_status":"open","ping_status":"open","template":"","meta":{"footnotes":""},"class_list":["post-23","page","type-page","status-publish","hentry"],"_links":{"self":[{"href":"https:\/\/www.germanmatters.com\/german\/index.php?rest_route=\/wp\/v2\/pages\/23","targetHints":{"allow":["GET"]}}],"collection":[{"href":"https:\/\/www.germanmatters.com\/german\/index.php?rest_route=\/wp\/v2\/pages"}],"about":[{"href":"https:\/\/www.germanmatters.com\/german\/index.php?rest_route=\/wp\/v2\/types\/page"}],"author":[{"embeddable":true,"href":"https:\/\/www.germanmatters.com\/german\/index.php?rest_route=\/wp\/v2\/users\/1"}],"replies":[{"embeddable":true,"href":"https:\/\/www.germanmatters.com\/german\/index.php?rest_route=%2Fwp%2Fv2%2Fcomments&post=23"}],"version-history":[{"count":22,"href":"https:\/\/www.germanmatters.com\/german\/index.php?rest_route=\/wp\/v2\/pages\/23\/revisions"}],"predecessor-version":[{"id":303,"href":"https:\/\/www.germanmatters.com\/german\/index.php?rest_route=\/wp\/v2\/pages\/23\/revisions\/303"}],"wp:attachment":[{"href":"https:\/\/www.germanmatters.com\/german\/index.php?rest_route=%2Fwp%2Fv2%2Fmedia&parent=23"}],"curies":[{"name":"wp","href":"https:\/\/api.w.org\/{rel}","templated":true}]}}